{"id":3950,"date":"2019-11-08T00:32:12","date_gmt":"2019-11-08T08:32:12","guid":{"rendered":"http:\/\/www.hunsriqueano.riolingo.com\/blog\/?page_id=3950"},"modified":"2019-11-17T21:12:57","modified_gmt":"2019-11-18T05:12:57","slug":"willkomme","status":"publish","type":"page","link":"https:\/\/www.hunsriqueano.riolingo.com\/blog\/willkomme\/","title":{"rendered":"Willkomme!"},"content":{"rendered":"\n<p>Herzliche Gr\u00fcsse, liewe Besucher unn Besuchrinne. Seahr sch\u00f6n, dass dear hie bei uns onkoomm seit. Hoffentlich gef\u00e4llt eich unser Internetz-Webseit, en Projekt mit dem Ziehl dohier speziool die Variant von dem Riograndenser Hunsr\u00fcckisch zu erkenne wie en historische unn heitztooch noch lewendiche reschionooler Sproch von dem Bundesstoot Rio Grande do Sul, S\u00fcdbr\u00e4silje, unn etliche von seine ongegrenzte Gebiete (in- unn ausl\u00e4ndlich), es dann noch f\u00fcr die zuk\u00fcnftiche Scheneratione zu bewoohre unn es dann ooch noch weiter voarweerts se feerdre. [&#8230; ma&#8217; ganz bewusst versuche es zum Hauptkorpus von der Hochdeitsche-Sproch se promoviere.]<\/p>\n","protected":false},"excerpt":{"rendered":"<p>Herzliche Gr\u00fcsse, liewe Besucher unn Besuchrinne. Seahr sch\u00f6n, dass dear hie bei uns onkoomm seit. Hoffentlich gef\u00e4llt eich unser Internetz-Webseit, en Projekt mit dem Ziehl dohier speziool die Variant von dem Riograndenser Hunsr\u00fcckisch zu erkenne wie en historische unn heitztooch &hellip; <a href=\"https:\/\/www.hunsriqueano.riolingo.com\/blog\/willkomme\/\">Continue reading <span class=\"meta-nav\">&rarr;<\/span><\/a><\/p>\n","protected":false},"author":2,"featured_media":0,"parent":0,"menu_order":0,"comment_status":"closed","ping_status":"closed","template":"","meta":{"jetpack_post_was_ever_published":false,"footnotes":""},"class_list":["post-3950","page","type-page","status-publish","hentry"],"aioseo_notices":[],"jetpack_sharing_enabled":true,"jetpack_shortlink":"https:\/\/wp.me\/P9sRFr-11I","jetpack_likes_enabled":true,"_links":{"self":[{"href":"https:\/\/www.hunsriqueano.riolingo.com\/blog\/wp-json\/wp\/v2\/pages\/3950","targetHints":{"allow":["GET"]}}],"collection":[{"href":"https:\/\/www.hunsriqueano.riolingo.com\/blog\/wp-json\/wp\/v2\/pages"}],"about":[{"href":"https:\/\/www.hunsriqueano.riolingo.com\/blog\/wp-json\/wp\/v2\/types\/page"}],"author":[{"embeddable":true,"href":"https:\/\/www.hunsriqueano.riolingo.com\/blog\/wp-json\/wp\/v2\/users\/2"}],"replies":[{"embeddable":true,"href":"https:\/\/www.hunsriqueano.riolingo.com\/blog\/wp-json\/wp\/v2\/comments?post=3950"}],"version-history":[{"count":0,"href":"https:\/\/www.hunsriqueano.riolingo.com\/blog\/wp-json\/wp\/v2\/pages\/3950\/revisions"}],"wp:attachment":[{"href":"https:\/\/www.hunsriqueano.riolingo.com\/blog\/wp-json\/wp\/v2\/media?parent=3950"}],"curies":[{"name":"wp","href":"https:\/\/api.w.org\/{rel}","templated":true}]}}